{"id":30,"date":"2026-01-02T02:04:22","date_gmt":"2026-01-02T01:04:22","guid":{"rendered":"https:\/\/paradoxexplore.com\/produkt\/buty-trekkingowe-trailmaster\/"},"modified":"2026-01-02T02:04:22","modified_gmt":"2026-01-02T01:04:22","slug":"buty-trekkingowe-trailmaster","status":"publish","type":"product","link":"https:\/\/paradoxexplore.com\/en\/product\/buty-trekkingowe-trailmaster\/","title":{"rendered":"TrailMaster trekking boots"},"content":{"rendered":"<p>Solidne buty trekkingowe z antypo\u015blizgow\u0105 podeszw\u0105. Doskona\u0142e na d\u0142ugie w\u0119dr\u00f3wki w trudnym terenie.<\/p>","protected":false},"excerpt":{"rendered":"<p>Solidne buty trekkingowe z antypo\u015blizgow\u0105 podeszw\u0105. Doskona\u0142e na d\u0142ugie w\u0119dr\u00f3wki w trudnym terenie.<\/p>","protected":false},"featured_media":0,"comment_status":"open","ping_status":"closed","template":"","meta":{"_monsterinsights_skip_tracking":false,"_monsterinsights_sitenote_active":false,"_monsterinsights_sitenote_note":"","_monsterinsights_sitenote_category":0},"product_brand":[],"product_cat":[24],"product_tag":[],"class_list":{"0":"post-30","1":"product","2":"type-product","3":"status-publish","5":"product_cat-obuwie-outdoorowe","7":"first","8":"instock","9":"shipping-taxable","10":"purchasable","11":"product-type-simple"},"aioseo_notices":[],"_links":{"self":[{"href":"https:\/\/paradoxexplore.com\/en\/wp-json\/wp\/v2\/product\/30","targetHints":{"allow":["GET"]}}],"collection":[{"href":"https:\/\/paradoxexplore.com\/en\/wp-json\/wp\/v2\/product"}],"about":[{"href":"https:\/\/paradoxexplore.com\/en\/wp-json\/wp\/v2\/types\/product"}],"replies":[{"embeddable":true,"href":"https:\/\/paradoxexplore.com\/en\/wp-json\/wp\/v2\/comments?post=30"}],"wp:attachment":[{"href":"https:\/\/paradoxexplore.com\/en\/wp-json\/wp\/v2\/media?parent=30"}],"wp:term":[{"taxonomy":"product_brand","embeddable":true,"href":"https:\/\/paradoxexplore.com\/en\/wp-json\/wp\/v2\/product_brand?post=30"},{"taxonomy":"product_cat","embeddable":true,"href":"https:\/\/paradoxexplore.com\/en\/wp-json\/wp\/v2\/product_cat?post=30"},{"taxonomy":"product_tag","embeddable":true,"href":"https:\/\/paradoxexplore.com\/en\/wp-json\/wp\/v2\/product_tag?post=30"}],"curies":[{"name":"wp","href":"https:\/\/api.w.org\/{rel}","templated":true}]}}