{"id":40,"date":"2026-01-02T02:04:23","date_gmt":"2026-01-02T01:04:23","guid":{"rendered":"https:\/\/paradoxexplore.com\/produkt\/butelka-termiczna-1l\/"},"modified":"2026-01-02T02:04:23","modified_gmt":"2026-01-02T01:04:23","slug":"butelka-termiczna-1l","status":"publish","type":"product","link":"https:\/\/paradoxexplore.com\/en\/product\/butelka-termiczna-1l\/","title":{"rendered":"1L thermal bottle"},"content":{"rendered":"<p>Wytrzyma\u0142a butelka termiczna utrzymuj\u0105ca temperatur\u0119 napoj\u00f3w przez wiele godzin.<\/p>","protected":false},"excerpt":{"rendered":"<p>Wytrzyma\u0142a butelka termiczna utrzymuj\u0105ca temperatur\u0119 napoj\u00f3w przez wiele godzin.<\/p>","protected":false},"featured_media":0,"comment_status":"open","ping_status":"closed","template":"","meta":{"_monsterinsights_skip_tracking":false,"_monsterinsights_sitenote_active":false,"_monsterinsights_sitenote_note":"","_monsterinsights_sitenote_category":0},"product_brand":[],"product_cat":[25],"product_tag":[],"class_list":{"0":"post-40","1":"product","2":"type-product","3":"status-publish","5":"product_cat-akcesoria","7":"first","8":"instock","9":"shipping-taxable","10":"purchasable","11":"product-type-simple"},"aioseo_notices":[],"_links":{"self":[{"href":"https:\/\/paradoxexplore.com\/en\/wp-json\/wp\/v2\/product\/40","targetHints":{"allow":["GET"]}}],"collection":[{"href":"https:\/\/paradoxexplore.com\/en\/wp-json\/wp\/v2\/product"}],"about":[{"href":"https:\/\/paradoxexplore.com\/en\/wp-json\/wp\/v2\/types\/product"}],"replies":[{"embeddable":true,"href":"https:\/\/paradoxexplore.com\/en\/wp-json\/wp\/v2\/comments?post=40"}],"wp:attachment":[{"href":"https:\/\/paradoxexplore.com\/en\/wp-json\/wp\/v2\/media?parent=40"}],"wp:term":[{"taxonomy":"product_brand","embeddable":true,"href":"https:\/\/paradoxexplore.com\/en\/wp-json\/wp\/v2\/product_brand?post=40"},{"taxonomy":"product_cat","embeddable":true,"href":"https:\/\/paradoxexplore.com\/en\/wp-json\/wp\/v2\/product_cat?post=40"},{"taxonomy":"product_tag","embeddable":true,"href":"https:\/\/paradoxexplore.com\/en\/wp-json\/wp\/v2\/product_tag?post=40"}],"curies":[{"name":"wp","href":"https:\/\/api.w.org\/{rel}","templated":true}]}}